{"id":717,"date":"2025-05-12T10:31:21","date_gmt":"2025-05-12T08:31:21","guid":{"rendered":"https:\/\/lejardindecorail.com\/?page_id=717"},"modified":"2025-05-13T15:56:04","modified_gmt":"2025-05-13T13:56:04","slug":"tcs","status":"publish","type":"page","link":"https:\/\/lejardindecorail.com\/en\/tcs\/","title":{"rendered":"Terms and Conditions"},"content":{"rendered":"<div data-elementor-type=\"wp-page\" data-elementor-id=\"717\" class=\"elementor elementor-717\" data-elementor-post-type=\"page\">\n\t\t\t\t\t\t<section class=\"elementor-section elementor-top-section elementor-element elementor-element-8d5e272 elementor-section-full_width elementor-section-height-default elementor-section-height-default\" data-id=\"8d5e272\" data-element_type=\"section\" data-e-type=\"section\" data-settings=\"{&quot;background_background&quot;:&quot;classic&quot;}\">\n\t\t\t\t\t\t\t<div class=\"elementor-background-overlay\"><\/div>\n\t\t\t\t\t\t\t<div class=\"elementor-container elementor-column-gap-default\">\n\t\t\t\t\t<div class=\"elementor-column elementor-col-100 elementor-top-column elementor-element elementor-element-e522959\" data-id=\"e522959\" data-element_type=\"column\" data-e-type=\"column\">\n\t\t\t<div class=\"elementor-widget-wrap elementor-element-populated\">\n\t\t\t\t\t\t<section class=\"elementor-section elementor-inner-section elementor-element elementor-element-cfa2674 elementor-section-boxed elementor-section-height-default elementor-section-height-default\" data-id=\"cfa2674\" data-element_type=\"section\" data-e-type=\"section\" data-settings=\"{&quot;background_background&quot;:&quot;classic&quot;}\">\n\t\t\t\t\t\t\t<div class=\"elementor-background-overlay\"><\/div>\n\t\t\t\t\t\t\t<div class=\"elementor-container elementor-column-gap-default\">\n\t\t\t\t\t<div class=\"elementor-column elementor-col-100 elementor-inner-column elementor-element elementor-element-6e45368\" data-id=\"6e45368\" data-element_type=\"column\" data-e-type=\"column\">\n\t\t\t<div class=\"elementor-widget-wrap elementor-element-populated\">\n\t\t\t\t\t\t<div class=\"elementor-element elementor-element-f3c45ca elementor-widget elementor-widget-heading\" data-id=\"f3c45ca\" data-element_type=\"widget\" data-e-type=\"widget\" data-widget_type=\"heading.default\">\n\t\t\t\t<div class=\"elementor-widget-container\">\n\t\t\t\t\t<p class=\"elementor-heading-title elementor-size-default\">Terms and Conditions<\/p>\t\t\t\t<\/div>\n\t\t\t\t<\/div>\n\t\t\t\t<div class=\"elementor-element elementor-element-5b7a178 elementor-widget elementor-widget-heading\" data-id=\"5b7a178\" data-element_type=\"widget\" data-e-type=\"widget\" data-widget_type=\"heading.default\">\n\t\t\t\t<div class=\"elementor-widget-container\">\n\t\t\t\t\t<h1 class=\"elementor-heading-title elementor-size-default\">Your property management and concierge partner on the island of R\u00e9union<\/h1>\t\t\t\t<\/div>\n\t\t\t\t<\/div>\n\t\t\t\t\t<\/div>\n\t\t<\/div>\n\t\t\t\t\t<\/div>\n\t\t<\/section>\n\t\t\t\t\t<\/div>\n\t\t<\/div>\n\t\t\t\t\t<\/div>\n\t\t<\/section>\n\t\t<div class=\"elementor-element elementor-element-4977695 e-flex e-con-boxed e-con e-parent\" data-id=\"4977695\" data-element_type=\"container\" data-e-type=\"container\">\n\t\t\t\t\t<div class=\"e-con-inner\">\n\t\t\t\t<div class=\"elementor-element elementor-element-5d84a7e elementor-widget elementor-widget-text-editor\" data-id=\"5d84a7e\" data-element_type=\"widget\" data-e-type=\"widget\" data-widget_type=\"text-editor.default\">\n\t\t\t\t<div class=\"elementor-widget-container\">\n\t\t\t\t\t\t\t\t\t<p>It has been agreed between the parties that the Lessor shall lease to the Tenant the accommodation as described below under the following conditions:<\/p><p>It has been agreed between the parties that the Lessor shall lease to the Tenant the accommodation as described below under the following conditions:<\/p><p><strong>1. PURPOSE OF THE LEASE AGREEMENT<\/strong><\/p><p>The accommodation is rented furnished as a \u00abshort-term rental\u00bb for the period indicated below. The accommodation is located at the address indicated in the Details section.<\/p><p><strong>1. PURPOSE OF THE LEASING AGREEMENT<\/strong><\/p><p>The accommodation is rented furnished as a \u00ab\u00a0short term rental\u00a0\u00bb for the period shown below. The accommodation is located at the address indicated in section Details.<\/p><p><strong>2. RENTAL CONDITIONS<\/strong><\/p><p>The Lessor rents to the Lessee the accommodation for the period indicated below. The stay is non-renewable. The Lessee expressly agrees to have fully vacated the accommodation on the checkout date at the latest by the checkout time indicated in the Details section, and to hand the keys to the Lessor.<\/p><p>The number of persons present is indicated in the Details section. At the beginning of the rental, the Lessor will provide the Lessee with the keys and the instructions relating to the accommodation.<\/p><p>The Parties have agreed to set the rental price indicated below for the entire duration of the stay.<\/p><p>In order to proceed with the reservation of the accommodation, the Lessee must return this signed rental agreement to the Lessor. The Lessee must show their ID to the Lessor upon arrival.<\/p><p><strong>2. RENTAL CONDITIONS<\/strong><\/p><p>Lessor leases to the Lessee the accommodation for the period indicated below. The stay is non-renewable. The Lessee expressly agrees to have fully released the dwelling on the date of the checkout at the latest at the time of the checkout indicated in section Details, and to deliver the keys to the Lessor.<\/p><p>The number of persons present is indicated in section Details. At the beginning of the lease, the Lessor will provide the Lessee with the keys and the instructions relating to the lodging.<\/p><p>The Parties have agreed to fix the rental price indicated below for the entire length of the stay.<\/p><p>In order to proceed with the reservation of the accommodation, the Lessee must return to the Landlord this signed rental agreement. The Lessee must show his ID to the Landlord upon arrival.<\/p><p><strong>3. SECURITY DEPOSIT<\/strong><\/p><p>The day before entry into the premises, the Lessee authorizes the Lessor to take a security deposit (credit card imprint) in an amount indicated in the Details section to cover damage and\/or deterioration of the accommodation and the furniture and items in the accommodation caused by the Lessee, as well as loss of keys or items.<\/p><p>This security deposit will be returned to the Lessee 48 hours after checkout provided that the accommodation is returned in its initial condition when the keys are returned.<\/p><p><strong>3. DEPOSIT<\/strong><\/p><p>On the day before entry into the premises, the Lessee authorizes the Landlord to make a deposit (borrowed by a bank card) in the amount indicated in section Details to cover damage and \/ or damage to the accommodation and furniture the accommodation caused by the Tenant, as well as the loss of keys or objects.<\/p><p>This deposit will be returned to the Lessee 48 hours after the checkout, provided that the accommodation is returned to its original condition upon return of the keys.<\/p><p><strong>4. OBLIGATIONS OF THE LESSEE<\/strong><\/p><p>Animals and tobacco consumption are not allowed in the accommodation.<\/p><p>No noise likely to disturb the neighbors.<\/p><p>Use of the Internet in compliance with the Hadopi laws.<\/p><p>The Lessee may not exercise any recourse against the Lessor in case of theft and damage in the accommodation.<\/p><p><strong>4. OBLIGATIONS OF THE LESSOR<\/strong><\/p><p>Animals and tobacco consumption are not allowed in the accommodation.<\/p><p>No noise of nature to bother the neighbors.<\/p><p>Use of the Internet respecting the Hadopi laws.<\/p><p>The Lessee can not exercise any right against the Lessor in the event of theft and damage to the accommodation.<\/p><p><strong>5. INTERNET ACCESS<\/strong><\/p><p>\u00abThe Lessee, with access to the internet, undertakes not to use this access for the purposes of reproduction, representation, making available or communication to the public of works or objects protected by copyright or by a neighboring right, such as texts, images, photographs, musical works, audiovisual works, software and video games, without authorization. The Lessee is informed that file-sharing software, when connected to the internet, can automatically make downloaded files available. If file-sharing software has been used to download protected works, it is therefore preferable to disable it.<\/p><p>The Lessee is also required to comply with the security policy defined by the Lessor as well as the rules for use of the network and computer equipment.<\/p><p>It is recalled in this regard that the holder of an internet access, in this case the Lessor, is required to secure this access so that it is not used for the purposes of reproduction, representation, making available or communication to the public of works or objects protected by copyright or by a neighboring right, under penalty of incurring criminal liability.<\/p><p>This responsibility of the access holder in no way excludes that of the Lessee, who may be accused of an infringement (article L. 335-3 of the Intellectual Property Code).<\/p><p><strong>5. INTERNET ACCESS<\/strong><\/p><p>\u00abThe Lessee, on access to the Internet, undertakes not to use this access for the purposes of reproduction, representation, making available or communicating to the public works or objects protected by copyright the author or a neighboring right, such as texts, images, photographs, musical works, audiovisual works, software and video games without authorization. The Taker is informed that a sharing software, when connected to the internet, can automatically download downloaded files. If a sharing software has been used to download protected works, it is best to disable it.<\/p><p>The Lessee is also obliged to comply with the security policy defined by the Lessor as well as with the rules of use of the network and the computer equipment.<\/p><p>It is recalled in this connection that the owner of an access to the Internet in this case of the Lessor is obliged to secure this access so that it is not used for the purposes of reproduction, representation, making available or of communication to the public of works or objects protected by copyright or by a neighboring right, under penalty of incurring criminal responsibility.<\/p><p>This responsibility of the holder of the access in no way excludes that of the Lessee who may be charged with an offense of counterfeiting (Article L. 335-3 of the Code of Intellectual Property)\u00a0\u00bb.<\/p><p>\u00a0<\/p><p><strong>6. CANCELLATION<\/strong><\/p><p>The customer may cancel their reservation free of charge up to 7 days before arrival. The customer will have to pay the total amount of the reservation if they cancel within the 7 days preceding arrival.<\/p><p><strong>6. CANCELLATION<\/strong><\/p><p>Guests may cancel their reservation free of charge up to 7 days prior to arrival. The full amount of the reservation will be charged if canceled within 7 days of arrival.<\/p><p><strong>\u00a0<\/strong><\/p>\t\t\t\t\t\t\t\t<\/div>\n\t\t\t\t<\/div>\n\t\t\t\t\t<\/div>\n\t\t\t\t<\/div>\n\t\t\t\t<\/div>","protected":false},"excerpt":{"rendered":"<p>GTC Your partner in property management and concierge services on the island of R\u00e9union It has been agreed between the parties that the Lessor shall lease to the Tenant the accommodation as described below under the following conditions: It has been agreed between the parties that the Lessor shall lease to the Tenant the accommodation as described [\u2026]<\/p>","protected":false},"author":1,"featured_media":0,"parent":0,"menu_order":0,"comment_status":"closed","ping_status":"closed","template":"elementor_header_footer","meta":{"footnotes":""},"class_list":["post-717","page","type-page","status-publish","hentry"],"yoast_head":"<!-- This site is optimized with the Yoast SEO plugin v26.7 - https:\/\/yoast.com\/wordpress\/plugins\/seo\/ -->\n<title>CGV | Le Jardin de Corail<\/title>\n<meta name=\"robots\" content=\"index, follow, max-snippet:-1, max-image-preview:large, max-video-preview:-1\" \/>\n<link rel=\"canonical\" href=\"https:\/\/lejardindecorail.com\/en\/tcs\/\" \/>\n<meta property=\"og:locale\" content=\"en_US\" \/>\n<meta property=\"og:type\" content=\"article\" \/>\n<meta property=\"og:title\" content=\"CGV | Le Jardin de Corail\" \/>\n<meta property=\"og:description\" content=\"CGV Votre partenaire de gestion immobili\u00e8re et conciergerie sur l&rsquo;\u00eele de la R\u00e9union Il a \u00e9t\u00e9 convenu entre les parties que le Bailleur louera au Locataire le logement tel que d\u00e9crit ci-dessous dans les conditions suivantes: It has been agreed between the parties that the Lessor shall lease to the Tenant the accommodation as described [&hellip;]\" \/>\n<meta property=\"og:url\" content=\"https:\/\/lejardindecorail.com\/en\/tcs\/\" \/>\n<meta property=\"og:site_name\" content=\"Le Jardin de Corail\" \/>\n<meta property=\"article:publisher\" content=\"https:\/\/www.facebook.com\/profile.php?id=61584957233103\" \/>\n<meta property=\"article:modified_time\" content=\"2025-05-13T13:56:04+00:00\" \/>\n<meta property=\"og:image\" content=\"https:\/\/lejardindecorail.com\/wp-content\/uploads\/2025\/04\/cropped-le-jardin-de-corail-1.png\" \/>\n\t<meta property=\"og:image:width\" content=\"549\" \/>\n\t<meta property=\"og:image:height\" content=\"279\" \/>\n\t<meta property=\"og:image:type\" content=\"image\/png\" \/>\n<meta name=\"twitter:card\" content=\"summary_large_image\" \/>\n<meta name=\"twitter:label1\" content=\"Est. reading time\" \/>\n\t<meta name=\"twitter:data1\" content=\"7 minutes\" \/>\n<script type=\"application\/ld+json\" class=\"yoast-schema-graph\">{\"@context\":\"https:\/\/schema.org\",\"@graph\":[{\"@type\":\"WebPage\",\"@id\":\"https:\/\/lejardindecorail.com\/cgv\/\",\"url\":\"https:\/\/lejardindecorail.com\/cgv\/\",\"name\":\"CGV | Le Jardin de Corail\",\"isPartOf\":{\"@id\":\"https:\/\/lejardindecorail.com\/#website\"},\"datePublished\":\"2025-05-12T08:31:21+00:00\",\"dateModified\":\"2025-05-13T13:56:04+00:00\",\"breadcrumb\":{\"@id\":\"https:\/\/lejardindecorail.com\/cgv\/#breadcrumb\"},\"inLanguage\":\"en-US\",\"potentialAction\":[{\"@type\":\"ReadAction\",\"target\":[\"https:\/\/lejardindecorail.com\/cgv\/\"]}]},{\"@type\":\"BreadcrumbList\",\"@id\":\"https:\/\/lejardindecorail.com\/cgv\/#breadcrumb\",\"itemListElement\":[{\"@type\":\"ListItem\",\"position\":1,\"name\":\"Home\",\"item\":\"https:\/\/lejardindecorail.com\/\"},{\"@type\":\"ListItem\",\"position\":2,\"name\":\"CGV\"}]},{\"@type\":\"WebSite\",\"@id\":\"https:\/\/lejardindecorail.com\/#website\",\"url\":\"https:\/\/lejardindecorail.com\/\",\"name\":\"Le Jardin de Corail |\u00a0Location saisonni\u00e8re Conciergerie \u00e0 la R\u00e9union\",\"description\":\"Locations \u00e0 La R\u00e9union\",\"publisher\":{\"@id\":\"https:\/\/lejardindecorail.com\/#organization\"},\"potentialAction\":[{\"@type\":\"SearchAction\",\"target\":{\"@type\":\"EntryPoint\",\"urlTemplate\":\"https:\/\/lejardindecorail.com\/?s={search_term_string}\"},\"query-input\":{\"@type\":\"PropertyValueSpecification\",\"valueRequired\":true,\"valueName\":\"search_term_string\"}}],\"inLanguage\":\"en-US\"},{\"@type\":\"Organization\",\"@id\":\"https:\/\/lejardindecorail.com\/#organization\",\"name\":\"Le Jardin de Corail\",\"url\":\"https:\/\/lejardindecorail.com\/\",\"logo\":{\"@type\":\"ImageObject\",\"inLanguage\":\"en-US\",\"@id\":\"https:\/\/lejardindecorail.com\/#\/schema\/logo\/image\/\",\"url\":\"https:\/\/lejardindecorail.com\/wp-content\/uploads\/2025\/04\/le-jardin-de-corail-1.png\",\"contentUrl\":\"https:\/\/lejardindecorail.com\/wp-content\/uploads\/2025\/04\/le-jardin-de-corail-1.png\",\"width\":559,\"height\":285,\"caption\":\"Le Jardin de Corail\"},\"image\":{\"@id\":\"https:\/\/lejardindecorail.com\/#\/schema\/logo\/image\/\"},\"sameAs\":[\"https:\/\/www.facebook.com\/profile.php?id=61584957233103\",\"https:\/\/www.instagram.com\/jardin_de_corail\/\"]}]}<\/script>\n<!-- \/ Yoast SEO plugin. -->","yoast_head_json":{"title":"T&amp;Cs | Le Jardin de Corail","robots":{"index":"index","follow":"follow","max-snippet":"max-snippet:-1","max-image-preview":"max-image-preview:large","max-video-preview":"max-video-preview:-1"},"canonical":"https:\/\/lejardindecorail.com\/en\/tcs\/","og_locale":"en_US","og_type":"article","og_title":"CGV | Le Jardin de Corail","og_description":"CGV Votre partenaire de gestion immobili\u00e8re et conciergerie sur l&rsquo;\u00eele de la R\u00e9union Il a \u00e9t\u00e9 convenu entre les parties que le Bailleur louera au Locataire le logement tel que d\u00e9crit ci-dessous dans les conditions suivantes: It has been agreed between the parties that the Lessor shall lease to the Tenant the accommodation as described [&hellip;]","og_url":"https:\/\/lejardindecorail.com\/en\/tcs\/","og_site_name":"Le Jardin de Corail","article_publisher":"https:\/\/www.facebook.com\/profile.php?id=61584957233103","article_modified_time":"2025-05-13T13:56:04+00:00","og_image":[{"width":549,"height":279,"url":"https:\/\/lejardindecorail.com\/wp-content\/uploads\/2025\/04\/cropped-le-jardin-de-corail-1.png","type":"image\/png"}],"twitter_card":"summary_large_image","twitter_misc":{"Est. reading time":"7 minutes"},"schema":{"@context":"https:\/\/schema.org","@graph":[{"@type":"WebPage","@id":"https:\/\/lejardindecorail.com\/cgv\/","url":"https:\/\/lejardindecorail.com\/cgv\/","name":"T&amp;Cs | Le Jardin de Corail","isPartOf":{"@id":"https:\/\/lejardindecorail.com\/#website"},"datePublished":"2025-05-12T08:31:21+00:00","dateModified":"2025-05-13T13:56:04+00:00","breadcrumb":{"@id":"https:\/\/lejardindecorail.com\/cgv\/#breadcrumb"},"inLanguage":"en-US","potentialAction":[{"@type":"ReadAction","target":["https:\/\/lejardindecorail.com\/cgv\/"]}]},{"@type":"BreadcrumbList","@id":"https:\/\/lejardindecorail.com\/cgv\/#breadcrumb","itemListElement":[{"@type":"ListItem","position":1,"name":"Home","item":"https:\/\/lejardindecorail.com\/"},{"@type":"ListItem","position":2,"name":"CGV"}]},{"@type":"WebSite","@id":"https:\/\/lejardindecorail.com\/#website","url":"https:\/\/lejardindecorail.com\/","name":"Coral Garden |\u00a0Seasonal rental concierge in R\u00e9union","description":"Rentals in R\u00e9union","publisher":{"@id":"https:\/\/lejardindecorail.com\/#organization"},"potentialAction":[{"@type":"SearchAction","target":{"@type":"EntryPoint","urlTemplate":"https:\/\/lejardindecorail.com\/?s={search_term_string}"},"query-input":{"@type":"PropertyValueSpecification","valueRequired":true,"valueName":"search_term_string"}}],"inLanguage":"en-US"},{"@type":"Organization","@id":"https:\/\/lejardindecorail.com\/#organization","name":"The Coral Garden","url":"https:\/\/lejardindecorail.com\/","logo":{"@type":"ImageObject","inLanguage":"en-US","@id":"https:\/\/lejardindecorail.com\/#\/schema\/logo\/image\/","url":"https:\/\/lejardindecorail.com\/wp-content\/uploads\/2025\/04\/le-jardin-de-corail-1.png","contentUrl":"https:\/\/lejardindecorail.com\/wp-content\/uploads\/2025\/04\/le-jardin-de-corail-1.png","width":559,"height":285,"caption":"Le Jardin de Corail"},"image":{"@id":"https:\/\/lejardindecorail.com\/#\/schema\/logo\/image\/"},"sameAs":["https:\/\/www.facebook.com\/profile.php?id=61584957233103","https:\/\/www.instagram.com\/jardin_de_corail\/"]}]}},"_links":{"self":[{"href":"https:\/\/lejardindecorail.com\/en\/wp-json\/wp\/v2\/pages\/717","targetHints":{"allow":["GET"]}}],"collection":[{"href":"https:\/\/lejardindecorail.com\/en\/wp-json\/wp\/v2\/pages"}],"about":[{"href":"https:\/\/lejardindecorail.com\/en\/wp-json\/wp\/v2\/types\/page"}],"author":[{"embeddable":true,"href":"https:\/\/lejardindecorail.com\/en\/wp-json\/wp\/v2\/users\/1"}],"replies":[{"embeddable":true,"href":"https:\/\/lejardindecorail.com\/en\/wp-json\/wp\/v2\/comments?post=717"}],"version-history":[{"count":7,"href":"https:\/\/lejardindecorail.com\/en\/wp-json\/wp\/v2\/pages\/717\/revisions"}],"predecessor-version":[{"id":742,"href":"https:\/\/lejardindecorail.com\/en\/wp-json\/wp\/v2\/pages\/717\/revisions\/742"}],"wp:attachment":[{"href":"https:\/\/lejardindecorail.com\/en\/wp-json\/wp\/v2\/media?parent=717"}],"curies":[{"name":"wp","href":"https:\/\/api.w.org\/{rel}","templated":true}]}}