{"id":717,"date":"2025-05-12T10:31:21","date_gmt":"2025-05-12T08:31:21","guid":{"rendered":"https:\/\/lejardindecorail.com\/?page_id=717"},"modified":"2025-05-13T15:56:04","modified_gmt":"2025-05-13T13:56:04","slug":"cgv","status":"publish","type":"page","link":"https:\/\/lejardindecorail.com\/es\/cgv\/","title":{"rendered":"Condiciones generales de venta"},"content":{"rendered":"<div data-elementor-type=\"wp-page\" data-elementor-id=\"717\" class=\"elementor elementor-717\" data-elementor-post-type=\"page\">\n\t\t\t\t\t\t<section class=\"elementor-section elementor-top-section elementor-element elementor-element-8d5e272 elementor-section-full_width elementor-section-height-default elementor-section-height-default\" data-id=\"8d5e272\" data-element_type=\"section\" data-e-type=\"section\" data-settings=\"{&quot;background_background&quot;:&quot;classic&quot;}\">\n\t\t\t\t\t\t\t<div class=\"elementor-background-overlay\"><\/div>\n\t\t\t\t\t\t\t<div class=\"elementor-container elementor-column-gap-default\">\n\t\t\t\t\t<div class=\"elementor-column elementor-col-100 elementor-top-column elementor-element elementor-element-e522959\" data-id=\"e522959\" data-element_type=\"column\" data-e-type=\"column\">\n\t\t\t<div class=\"elementor-widget-wrap elementor-element-populated\">\n\t\t\t\t\t\t<section class=\"elementor-section elementor-inner-section elementor-element elementor-element-cfa2674 elementor-section-boxed elementor-section-height-default elementor-section-height-default\" data-id=\"cfa2674\" data-element_type=\"section\" data-e-type=\"section\" data-settings=\"{&quot;background_background&quot;:&quot;classic&quot;}\">\n\t\t\t\t\t\t\t<div class=\"elementor-background-overlay\"><\/div>\n\t\t\t\t\t\t\t<div class=\"elementor-container elementor-column-gap-default\">\n\t\t\t\t\t<div class=\"elementor-column elementor-col-100 elementor-inner-column elementor-element elementor-element-6e45368\" data-id=\"6e45368\" data-element_type=\"column\" data-e-type=\"column\">\n\t\t\t<div class=\"elementor-widget-wrap elementor-element-populated\">\n\t\t\t\t\t\t<div class=\"elementor-element elementor-element-f3c45ca elementor-widget elementor-widget-heading\" data-id=\"f3c45ca\" data-element_type=\"widget\" data-e-type=\"widget\" data-widget_type=\"heading.default\">\n\t\t\t\t<div class=\"elementor-widget-container\">\n\t\t\t\t\t<p class=\"elementor-heading-title elementor-size-default\">Condiciones generales de venta<\/p>\t\t\t\t<\/div>\n\t\t\t\t<\/div>\n\t\t\t\t<div class=\"elementor-element elementor-element-5b7a178 elementor-widget elementor-widget-heading\" data-id=\"5b7a178\" data-element_type=\"widget\" data-e-type=\"widget\" data-widget_type=\"heading.default\">\n\t\t\t\t<div class=\"elementor-widget-container\">\n\t\t\t\t\t<h1 class=\"elementor-heading-title elementor-size-default\">Su socio de gesti\u00f3n inmobiliaria y conserjer\u00eda en la isla de la Reuni\u00f3n<\/h1>\t\t\t\t<\/div>\n\t\t\t\t<\/div>\n\t\t\t\t\t<\/div>\n\t\t<\/div>\n\t\t\t\t\t<\/div>\n\t\t<\/section>\n\t\t\t\t\t<\/div>\n\t\t<\/div>\n\t\t\t\t\t<\/div>\n\t\t<\/section>\n\t\t<div class=\"elementor-element elementor-element-4977695 e-flex e-con-boxed e-con e-parent\" data-id=\"4977695\" data-element_type=\"container\" data-e-type=\"container\">\n\t\t\t\t\t<div class=\"e-con-inner\">\n\t\t\t\t<div class=\"elementor-element elementor-element-5d84a7e elementor-widget elementor-widget-text-editor\" data-id=\"5d84a7e\" data-element_type=\"widget\" data-e-type=\"widget\" data-widget_type=\"text-editor.default\">\n\t\t\t\t<div class=\"elementor-widget-container\">\n\t\t\t\t\t\t\t\t\t<p>Se ha convenido entre las partes que el Arrendador alquilar\u00e1 al Arrendatario el alojamiento tal como se describe a continuaci\u00f3n en las siguientes condiciones:<\/p><p>Se ha acordado entre las partes que el Arrendador arrendar\u00e1 al Arrendatario el alojamiento tal como se describe a continuaci\u00f3n en las siguientes condiciones:<\/p><p><strong>1. OBJETO DEL CONTRATO DE ALQUILER<\/strong><\/p><p>El alojamiento se alquila amueblado a t\u00edtulo de \u00ab alquiler de corta duraci\u00f3n \u00bb por el per\u00edodo indicado a continuaci\u00f3n. El alojamiento est\u00e1 situado en la direcci\u00f3n indicada en la secci\u00f3n Details.<\/p><p><strong>1. OBJETO DEL CONTRATO DE ARRENDAMIENTO<\/strong><\/p><p>El alojamiento se alquila amueblado como una \u00ab\u00a0estancia de corta duraci\u00f3n\u00a0\u00bb por el per\u00edodo indicado a continuaci\u00f3n. El alojamiento est\u00e1 situado en la direcci\u00f3n indicada en la secci\u00f3n Details.<\/p><p><strong>2. CONDICIONES DEL ALQUILER<\/strong><\/p><p>El Arrendador alquila al Arrendatario el alojamiento durante el per\u00edodo indicado a continuaci\u00f3n. La estancia no es renovable. El Arrendatario se compromete expresamente a haber liberado por completo el alojamiento en la fecha de checkout como m\u00e1ximo a la hora de checkout indicada en la secci\u00f3n Details, y a entregar las llaves al Arrendador.<\/p><p>El n\u00famero de personas presentes se indica en la secci\u00f3n Details. Al inicio del alquiler, el Arrendador entregar\u00e1 al Arrendatario las llaves y las instrucciones relativas al alojamiento.<\/p><p>Las Partes han convenido fijar el precio del alquiler indicado a continuaci\u00f3n para la totalidad de la duraci\u00f3n de la estancia.<\/p><p>Para proceder a la reserva del alojamiento, el Arrendatario debe devolver al Arrendador este presente contrato de alquiler firmado. El Arrendatario deber\u00e1 mostrar a la llegada su documento de identidad al Arrendador.<\/p><p><strong>2. CONDICIONES DEL ARRENDAMIENTO<\/strong><\/p><p>El Arrendador arrienda al Arrendatario el alojamiento durante el per\u00edodo indicado a continuaci\u00f3n. La estancia no es renovable. El Arrendatario acepta expresamente haber liberado completamente la vivienda en la fecha del checkout como m\u00e1ximo a la hora del checkout indicada en la secci\u00f3n Details, y entregar las llaves al Arrendador.<\/p><p>El n\u00famero de personas presentes se indica en la secci\u00f3n Details. Al comienzo del arrendamiento, el Arrendador proporcionar\u00e1 al Arrendatario las llaves y las instrucciones relativas al alojamiento.<\/p><p>Las Partes han acordado fijar el precio del alquiler indicado a continuaci\u00f3n para toda la duraci\u00f3n de la estancia.<\/p><p>Para proceder a la reserva del alojamiento, el Arrendatario debe devolver al Arrendador este contrato de alquiler firmado. El Arrendatario debe mostrar su documento de identidad al Arrendador a su llegada.<\/p><p><strong>3. FIANZA<\/strong><\/p><p>La v\u00edspera de la entrada en los lugares, el Arrendatario autoriza al Arrendador a efectuar una fianza (preautorizaci\u00f3n de tarjeta bancaria) por un importe indicado en la secci\u00f3n Details a fin de cubrir los da\u00f1os y\/o deterioros del alojamiento y del mobiliario y objetos que lo componen causados por el Arrendatario, as\u00ed como las p\u00e9rdidas de llaves u objetos.<\/p><p>Esta fianza ser\u00e1 restituida al Arrendatario 48 horas despu\u00e9s del checkout con la condici\u00f3n de que el alojamiento sea devuelto en su estado inicial en el momento de la devoluci\u00f3n de las llaves.<\/p><p><strong>3. DEP\u00d3SITO<\/strong><\/p><p>El d\u00eda anterior a la entrada en el alojamiento, el Arrendatario autoriza al Arrendador a efectuar un dep\u00f3sito (cargado en una tarjeta bancaria) por el importe indicado en la secci\u00f3n Detalles para cubrir da\u00f1os y\/o desperfectos en el alojamiento y el mobiliario del alojamiento causados por el Inquilino, as\u00ed como la p\u00e9rdida de llaves u objetos.<\/p><p>Este dep\u00f3sito se devolver\u00e1 al Arrendatario 48 horas despu\u00e9s del check-out, siempre que el alojamiento se devuelva a su estado original a la entrega de las llaves.<\/p><p><strong>4. OBLIGACIONES DEL ARRENDATARIO<\/strong><\/p><p>No se permiten animales ni el consumo de tabaco en el alojamiento.<\/p><p>No hacer ruido que pueda molestar a los vecinos.<\/p><p>Uso de Internet respetando las leyes Hadopi.<\/p><p>El Arrendatario no podr\u00e1 ejercer ning\u00fan recurso contra el Arrendador en caso de robo y da\u00f1os en el alojamiento.<\/p><p><strong>4. OBLIGACIONES DEL ARRENDADOR<\/strong><\/p><p>No se permiten animales ni el consumo de tabaco en el alojamiento.<\/p><p>No hacer ruido que pueda molestar a los vecinos.<\/p><p>Uso de Internet respetando las leyes Hadopi.<\/p><p>El Arrendatario no podr\u00e1 ejercer ning\u00fan recurso contra el Arrendador en caso de robo y da\u00f1os en el alojamiento.<\/p><p><strong>5. ACCESO A INTERNET<\/strong><\/p><p>\u00ab El Arrendatario, al acceder a internet, se compromete a no utilizar este acceso con fines de reproducci\u00f3n, representaci\u00f3n, puesta a disposici\u00f3n o comunicaci\u00f3n al p\u00fablico de obras u objetos protegidos por derechos de autor o derechos conexos, tales como textos, im\u00e1genes, fotograf\u00edas, obras musicales, obras audiovisuales, software y videojuegos, sin autorizaci\u00f3n. Se informa al Arrendatario de que un software de intercambio, cuando est\u00e1 conectado a internet, puede poner a disposici\u00f3n autom\u00e1ticamente archivos descargados. Si se ha utilizado un software de intercambio para descargar obras protegidas, es preferible desactivarlo.<\/p><p>El Arrendatario tambi\u00e9n est\u00e1 obligado a cumplir la pol\u00edtica de seguridad definida por el Arrendador as\u00ed como las normas de uso de la red y del material inform\u00e1tico.<\/p><p>Se recuerda a este respecto que el titular de un acceso a internet, en este caso el Arrendador, est\u00e1 obligado a asegurar este acceso para que no se utilice con fines de reproducci\u00f3n, de representaci\u00f3n, de puesta a disposici\u00f3n o de comunicaci\u00f3n al p\u00fablico de obras u objetos protegidos por derechos de autor o derechos conexos, bajo pena de incurrir en responsabilidad penal.<\/p><p>Esta responsabilidad del titular del acceso no excluye en nada la del Arrendatario, que puede ser acusado de un delito de falsificaci\u00f3n (art\u00edculo L. 335-3 del C\u00f3digo de la propiedad intelectual) \u00bb.<\/p><p><strong>5. ACCESO A INTERNET<\/strong><\/p><p>\u00ab\u00a0El Arrendatario, al acceder a Internet, se compromete a no utilizar este acceso con fines de reproducci\u00f3n, representaci\u00f3n, puesta a disposici\u00f3n o comunicaci\u00f3n al p\u00fablico de obras u objetos protegidos por derechos de autor o un derecho conexo, como textos, im\u00e1genes, fotograf\u00edas, obras musicales, obras audiovisuales, software y videojuegos sin autorizaci\u00f3n. Se informa al Arrendatario de que un software de intercambio, cuando est\u00e1 conectado a internet, puede descargar autom\u00e1ticamente archivos descargados. Si se ha utilizado un software de intercambio para descargar obras protegidas, es mejor desactivarlo.<\/p><p>El Arrendatario tambi\u00e9n est\u00e1 obligado a cumplir con la pol\u00edtica de seguridad definida por el Arrendador as\u00ed como con las normas de uso de la red y del equipo inform\u00e1tico.<\/p><p>Se recuerda a este respecto que el titular de un acceso a Internet, en este caso el Arrendador, est\u00e1 obligado a asegurar este acceso para que no se utilice con fines de reproducci\u00f3n, representaci\u00f3n, puesta a disposici\u00f3n o comunicaci\u00f3n al p\u00fablico de obras u objetos protegidos por derechos de autor o por un derecho conexo, so pena de incurrir en responsabilidad penal.<\/p><p>Esta responsabilidad del titular del acceso no excluye en modo alguno la del Arrendatario, que puede ser acusado de un delito de falsificaci\u00f3n (Art\u00edculo L. 335-3 del C\u00f3digo de la Propiedad Intelectual)\u00a0\u00bb.<\/p><p>\u00a0<\/p><p><strong>6. ANULACI\u00d3N<\/strong><\/p><p>El cliente podr\u00e1 cancelar gratuitamente su reserva hasta 7\u00a0d\u00edas antes de la llegada. El cliente deber\u00e1 abonar el importe total de la reserva si cancela dentro de los 7\u00a0d\u00edas previos a la llegada.<\/p><p><strong>6. CANCELACI\u00d3N<\/strong><\/p><p>Los hu\u00e9spedes pueden cancelar su reserva sin cargo hasta 7 d\u00edas antes de la llegada. Se cobrar\u00e1 el importe total de la reserva si se cancela dentro de los 7 d\u00edas previos a la llegada.<\/p><p><strong>\u00a0<\/strong><\/p>\t\t\t\t\t\t\t\t<\/div>\n\t\t\t\t<\/div>\n\t\t\t\t\t<\/div>\n\t\t\t\t<\/div>\n\t\t\t\t<\/div>","protected":false},"excerpt":{"rendered":"<p>CGV Su socio de gesti\u00f3n inmobiliaria y conserjer\u00eda en la isla de la Reuni\u00f3n Se ha convenido entre las partes que el Arrendador alquilar\u00e1 al Arrendatario el alojamiento tal como se describe a continuaci\u00f3n en las siguientes condiciones: Se ha acordado entre las partes que el Arrendador arrendar\u00e1 al Arrendatario el alojamiento tal como se describe [\u2026]<\/p>","protected":false},"author":1,"featured_media":0,"parent":0,"menu_order":0,"comment_status":"closed","ping_status":"closed","template":"elementor_header_footer","meta":{"footnotes":""},"class_list":["post-717","page","type-page","status-publish","hentry"],"yoast_head":"<!-- This site is optimized with the Yoast SEO plugin v26.7 - https:\/\/yoast.com\/wordpress\/plugins\/seo\/ -->\n<title>CGV | Le Jardin de Corail<\/title>\n<meta name=\"robots\" content=\"index, follow, max-snippet:-1, max-image-preview:large, max-video-preview:-1\" \/>\n<link rel=\"canonical\" href=\"https:\/\/lejardindecorail.com\/es\/cgv\/\" \/>\n<meta property=\"og:locale\" content=\"es_ES\" \/>\n<meta property=\"og:type\" content=\"article\" \/>\n<meta property=\"og:title\" content=\"CGV | Le Jardin de Corail\" \/>\n<meta property=\"og:description\" content=\"CGV Votre partenaire de gestion immobili\u00e8re et conciergerie sur l&rsquo;\u00eele de la R\u00e9union Il a \u00e9t\u00e9 convenu entre les parties que le Bailleur louera au Locataire le logement tel que d\u00e9crit ci-dessous dans les conditions suivantes: It has been agreed between the parties that the Lessor shall lease to the Tenant the accommodation as described [&hellip;]\" \/>\n<meta property=\"og:url\" content=\"https:\/\/lejardindecorail.com\/es\/cgv\/\" \/>\n<meta property=\"og:site_name\" content=\"Le Jardin de Corail\" \/>\n<meta property=\"article:publisher\" content=\"https:\/\/www.facebook.com\/profile.php?id=61584957233103\" \/>\n<meta property=\"article:modified_time\" content=\"2025-05-13T13:56:04+00:00\" \/>\n<meta property=\"og:image\" content=\"https:\/\/lejardindecorail.com\/wp-content\/uploads\/2025\/04\/cropped-le-jardin-de-corail-1.png\" \/>\n\t<meta property=\"og:image:width\" content=\"549\" \/>\n\t<meta property=\"og:image:height\" content=\"279\" \/>\n\t<meta property=\"og:image:type\" content=\"image\/png\" \/>\n<meta name=\"twitter:card\" content=\"summary_large_image\" \/>\n<meta name=\"twitter:label1\" content=\"Tiempo de lectura\" \/>\n\t<meta name=\"twitter:data1\" content=\"7 minutos\" \/>\n<script type=\"application\/ld+json\" class=\"yoast-schema-graph\">{\"@context\":\"https:\/\/schema.org\",\"@graph\":[{\"@type\":\"WebPage\",\"@id\":\"https:\/\/lejardindecorail.com\/cgv\/\",\"url\":\"https:\/\/lejardindecorail.com\/cgv\/\",\"name\":\"CGV | Le Jardin de Corail\",\"isPartOf\":{\"@id\":\"https:\/\/lejardindecorail.com\/#website\"},\"datePublished\":\"2025-05-12T08:31:21+00:00\",\"dateModified\":\"2025-05-13T13:56:04+00:00\",\"breadcrumb\":{\"@id\":\"https:\/\/lejardindecorail.com\/cgv\/#breadcrumb\"},\"inLanguage\":\"es\",\"potentialAction\":[{\"@type\":\"ReadAction\",\"target\":[\"https:\/\/lejardindecorail.com\/cgv\/\"]}]},{\"@type\":\"BreadcrumbList\",\"@id\":\"https:\/\/lejardindecorail.com\/cgv\/#breadcrumb\",\"itemListElement\":[{\"@type\":\"ListItem\",\"position\":1,\"name\":\"Home\",\"item\":\"https:\/\/lejardindecorail.com\/\"},{\"@type\":\"ListItem\",\"position\":2,\"name\":\"CGV\"}]},{\"@type\":\"WebSite\",\"@id\":\"https:\/\/lejardindecorail.com\/#website\",\"url\":\"https:\/\/lejardindecorail.com\/\",\"name\":\"Le Jardin de Corail |\u00a0Location saisonni\u00e8re Conciergerie \u00e0 la R\u00e9union\",\"description\":\"Locations \u00e0 La R\u00e9union\",\"publisher\":{\"@id\":\"https:\/\/lejardindecorail.com\/#organization\"},\"potentialAction\":[{\"@type\":\"SearchAction\",\"target\":{\"@type\":\"EntryPoint\",\"urlTemplate\":\"https:\/\/lejardindecorail.com\/?s={search_term_string}\"},\"query-input\":{\"@type\":\"PropertyValueSpecification\",\"valueRequired\":true,\"valueName\":\"search_term_string\"}}],\"inLanguage\":\"es\"},{\"@type\":\"Organization\",\"@id\":\"https:\/\/lejardindecorail.com\/#organization\",\"name\":\"Le Jardin de Corail\",\"url\":\"https:\/\/lejardindecorail.com\/\",\"logo\":{\"@type\":\"ImageObject\",\"inLanguage\":\"es\",\"@id\":\"https:\/\/lejardindecorail.com\/#\/schema\/logo\/image\/\",\"url\":\"https:\/\/lejardindecorail.com\/wp-content\/uploads\/2025\/04\/le-jardin-de-corail-1.png\",\"contentUrl\":\"https:\/\/lejardindecorail.com\/wp-content\/uploads\/2025\/04\/le-jardin-de-corail-1.png\",\"width\":559,\"height\":285,\"caption\":\"Le Jardin de Corail\"},\"image\":{\"@id\":\"https:\/\/lejardindecorail.com\/#\/schema\/logo\/image\/\"},\"sameAs\":[\"https:\/\/www.facebook.com\/profile.php?id=61584957233103\",\"https:\/\/www.instagram.com\/jardin_de_corail\/\"]}]}<\/script>\n<!-- \/ Yoast SEO plugin. -->","yoast_head_json":{"title":"CGV | El Jard\u00edn de Coral","robots":{"index":"index","follow":"follow","max-snippet":"max-snippet:-1","max-image-preview":"max-image-preview:large","max-video-preview":"max-video-preview:-1"},"canonical":"https:\/\/lejardindecorail.com\/es\/cgv\/","og_locale":"es_ES","og_type":"article","og_title":"CGV | Le Jardin de Corail","og_description":"CGV Votre partenaire de gestion immobili\u00e8re et conciergerie sur l&rsquo;\u00eele de la R\u00e9union Il a \u00e9t\u00e9 convenu entre les parties que le Bailleur louera au Locataire le logement tel que d\u00e9crit ci-dessous dans les conditions suivantes: It has been agreed between the parties that the Lessor shall lease to the Tenant the accommodation as described [&hellip;]","og_url":"https:\/\/lejardindecorail.com\/es\/cgv\/","og_site_name":"Le Jardin de Corail","article_publisher":"https:\/\/www.facebook.com\/profile.php?id=61584957233103","article_modified_time":"2025-05-13T13:56:04+00:00","og_image":[{"width":549,"height":279,"url":"https:\/\/lejardindecorail.com\/wp-content\/uploads\/2025\/04\/cropped-le-jardin-de-corail-1.png","type":"image\/png"}],"twitter_card":"summary_large_image","twitter_misc":{"Tiempo de lectura":"7 minutos"},"schema":{"@context":"https:\/\/schema.org","@graph":[{"@type":"WebPage","@id":"https:\/\/lejardindecorail.com\/cgv\/","url":"https:\/\/lejardindecorail.com\/cgv\/","name":"CGV | El Jard\u00edn de Coral","isPartOf":{"@id":"https:\/\/lejardindecorail.com\/#website"},"datePublished":"2025-05-12T08:31:21+00:00","dateModified":"2025-05-13T13:56:04+00:00","breadcrumb":{"@id":"https:\/\/lejardindecorail.com\/cgv\/#breadcrumb"},"inLanguage":"es","potentialAction":[{"@type":"ReadAction","target":["https:\/\/lejardindecorail.com\/cgv\/"]}]},{"@type":"BreadcrumbList","@id":"https:\/\/lejardindecorail.com\/cgv\/#breadcrumb","itemListElement":[{"@type":"ListItem","position":1,"name":"Home","item":"https:\/\/lejardindecorail.com\/"},{"@type":"ListItem","position":2,"name":"CGV"}]},{"@type":"WebSite","@id":"https:\/\/lejardindecorail.com\/#website","url":"https:\/\/lejardindecorail.com\/","name":"Le Jardin de Corail |\u00a0Alquiler vacacional Conserjer\u00eda en la Reuni\u00f3n","description":"Alquileres en La Reuni\u00f3n","publisher":{"@id":"https:\/\/lejardindecorail.com\/#organization"},"potentialAction":[{"@type":"SearchAction","target":{"@type":"EntryPoint","urlTemplate":"https:\/\/lejardindecorail.com\/?s={search_term_string}"},"query-input":{"@type":"PropertyValueSpecification","valueRequired":true,"valueName":"search_term_string"}}],"inLanguage":"es"},{"@type":"Organization","@id":"https:\/\/lejardindecorail.com\/#organization","name":"El Jard\u00edn de Coral","url":"https:\/\/lejardindecorail.com\/","logo":{"@type":"ImageObject","inLanguage":"es","@id":"https:\/\/lejardindecorail.com\/#\/schema\/logo\/image\/","url":"https:\/\/lejardindecorail.com\/wp-content\/uploads\/2025\/04\/le-jardin-de-corail-1.png","contentUrl":"https:\/\/lejardindecorail.com\/wp-content\/uploads\/2025\/04\/le-jardin-de-corail-1.png","width":559,"height":285,"caption":"Le Jardin de Corail"},"image":{"@id":"https:\/\/lejardindecorail.com\/#\/schema\/logo\/image\/"},"sameAs":["https:\/\/www.facebook.com\/profile.php?id=61584957233103","https:\/\/www.instagram.com\/jardin_de_corail\/"]}]}},"_links":{"self":[{"href":"https:\/\/lejardindecorail.com\/es\/wp-json\/wp\/v2\/pages\/717","targetHints":{"allow":["GET"]}}],"collection":[{"href":"https:\/\/lejardindecorail.com\/es\/wp-json\/wp\/v2\/pages"}],"about":[{"href":"https:\/\/lejardindecorail.com\/es\/wp-json\/wp\/v2\/types\/page"}],"author":[{"embeddable":true,"href":"https:\/\/lejardindecorail.com\/es\/wp-json\/wp\/v2\/users\/1"}],"replies":[{"embeddable":true,"href":"https:\/\/lejardindecorail.com\/es\/wp-json\/wp\/v2\/comments?post=717"}],"version-history":[{"count":7,"href":"https:\/\/lejardindecorail.com\/es\/wp-json\/wp\/v2\/pages\/717\/revisions"}],"predecessor-version":[{"id":742,"href":"https:\/\/lejardindecorail.com\/es\/wp-json\/wp\/v2\/pages\/717\/revisions\/742"}],"wp:attachment":[{"href":"https:\/\/lejardindecorail.com\/es\/wp-json\/wp\/v2\/media?parent=717"}],"curies":[{"name":"wp","href":"https:\/\/api.w.org\/{rel}","templated":true}]}}